{"id":218,"date":"2016-04-27T02:48:11","date_gmt":"2016-04-27T02:48:11","guid":{"rendered":"http:\/\/prix-plafond-tendu.com\/site\/?page_id=218"},"modified":"2019-08-22T13:31:46","modified_gmt":"2019-08-22T13:31:46","slug":"plafond-tendu-restaurants","status":"publish","type":"page","link":"https:\/\/prix-plafond-tendu.fr\/site\/plafond-tendu-restaurants\/","title":{"rendered":"Plafond Tendu Restaurants"},"content":{"rendered":"<div class=\"RSDB_2COL_0_LT\">\n<p style=\"text-align: justify; font-size: 1.00em; hyphens: none;\"><b>S.E.E.T.H.<\/b>, sp\u00e9cialiste du <b>Plafond Tendu pour les Restaurants<\/b> en IDF, vous propose ses services et son exp\u00e9rience de plus de 25 ans<\/b>. La Soci\u00e9t\u00e9 <b>SEETH Plafonds Tendus<\/b> c&rsquo;est le <b>num\u00e9ro 1<\/b> des poseurs de plafonds tendus pour les Restaurants, avec <b>14 \u00e9quipes d\u00e9di\u00e9es<\/b> \u00e0 la pose. Nous posons annuellement <b>plusieurs milliers de m\u00b2 de plafonds tendus<\/b>, en IDF, mais \u00e9galement sur la France et \u00e0 l&rsquo;international.<\/p>\n<p><\/p>\n<p style=\"text-align: justify; font-size: 1.00em;\">Vous avez un projet de pose (ou r\u00e9novation) de plafond tendu dans votre restaurant ? N&rsquo;h\u00e9sitez pas \u00e0 nous contacter ou \u00e0 r\u00e9aliser votre devis, soit via le formulaire de devis ci-contre, soit par le biais de notre outil d\u00e9di\u00e9 sur la page Devis Automatique.<\/p>\n<p><\/p>\n<div class=\"RSDB_PICPG2COL_1_LT\"><img src=\"\/site\/_rs_static\/realisations\/rsdb-seeth-realisations-restaurants-01.jpg\" style=\"width: 100%\" alt=\"\"><\/div>\n<div class=\"RSDB_PICPG2COL_1_RT\"><img src=\"\/site\/_rs_static\/realisations\/rsdb-seeth-realisations-restaurants-02.jpg\" style=\"width: 100%\" alt=\"\"><\/div>\n<div style=\"clear:both\"><\/div>\n<p style=\"text-align: justify; font-size: 1.00em;\">\n\t<b>Quels sont les avantages<\/b> des plafonds tendus S.E.E.T.H. pour les Restaurants ?<\/p>\n<ul>\n<li>Pose rapide, g\u00e9n\u00e9ralement en moins d&rsquo;une journ\u00e9e, sans d\u00e9placer vos meubles<\/li>\n<li>Tr\u00e8s grande qualit\u00e9 des mat\u00e9riaux et de la pose<\/li>\n<li>Plafond tendu \u00e0 chaud ou \u00e0 froid, vous avez le choix<\/li>\n<li>Plafonds tendus classiques, translucides, en mati\u00e8re, imprim\u00e9s, mats, satin\u00e9s, laqu\u00e9s&#8230;<\/li>\n<li>Une s\u00e9lection de couleurs parmi les plus larges du march\u00e9<\/li>\n<li>Un nettoyage facile<\/li>\n<li>Une durabilit\u00e9 \u00e0 toute \u00e9preuve<\/li>\n<li>Une garantie de 10 ans<\/li>\n<li>Un tarif similaire aux travaux classiques de placo plus peinture, mais sans les inconv\u00e9nients (craquelures, poussi\u00e8re, dur\u00e9e travaux&#8230;), avec un aspect visuel incomparable<\/li>\n<\/ul>\n<div class=\"RSDB_PICPG2COL_1_LT\"><img src=\"\/site\/_rs_static\/realisations\/rsdb-seeth-realisations-restaurants-03.jpg\" style=\"width: 100%\" alt=\"\"><\/div>\n<div class=\"RSDB_PICPG2COL_1_RT\"><img src=\"\/site\/_rs_static\/realisations\/rsdb-seeth-realisations-restaurants-04.jpg\" style=\"width: 100%\" alt=\"\"><\/div>\n<div style=\"clear:both\"><\/div>\n<p style=\"text-align: justify; font-size: 1.00em;\">Nos \u00e9quipes sont \u00e0 votre \u00e9coute pour tout projet, n&rsquo;h\u00e9sitez pas \u00e0 nous contacter ou utiliser nos outils de devis automatique, ainsi vous pourrez obtenir le meilleur devis possible pour votre plafond tendu pour votre restaurant, mais \u00e9galement pour les autres activit\u00e9s. Avec \u00e0 chaque fois la meilleure garantie et un suivi sur le long terme. Pour toute question ou aide n&rsquo;h\u00e9sitez pas \u00e0 nous contacter.<\/p>\n<div id=\"RSDB_BANNER_OPTCONTACT_PG\" style=\"clear: both;\">\n\t<a href=\"https:\/\/prix-plafond-tendu.fr\/site\/devis-automatique\/\"><img src=\"\/site\/_rs_static\/rsdb-img-bandeau-informations-devis-contact.jpg\" style=\"width: 100%; margin-bottom: 20px;\" alt=\"\"><\/a>\n\t<\/div>\n<\/div>\n<div class=\"RSDB_2COL_0_RT\">\n<div id=\"RSDB_CALLBACK_CALL\" style=\"margin: auto; text-align: center;\"><a href=\"#RSDB_CALLBACK_TOP\"><img src=\"\/site\/_rs_static\/rsdb-system-btn-callback.png\" style=\"cursor: pointer; margin-bottom: 5px;\" onclick=\"document.getElementById('RSDBBOX').style.display = 'block'; document.getElementById('RSCALLBACK').style.display = 'block';\" alt=\"\"><\/a><\/div>\n<p><\/p>\n<div style=\"margin-bottom: 20px;\">\n<div style=\"background-color: #dd3333; color: #FFFFFF; text-align: center; padding: 5px; max-width: 350px; margin: auto;\">DEVIS RAPIDE 24H\/24<\/div>\n<div role=\"form\" class=\"wpcf7\" id=\"wpcf7-f25-o1\" lang=\"fr-FR\" dir=\"ltr\">\n<div class=\"screen-reader-response\"><p role=\"status\" aria-live=\"polite\" aria-atomic=\"true\"><\/p> <ul><\/ul><\/div>\n<form action=\"\/site\/wp-json\/wp\/v2\/pages\/218#wpcf7-f25-o1\" method=\"post\" class=\"wpcf7-form init\" novalidate=\"novalidate\" data-status=\"init\">\n<div style=\"display: none;\">\n<input type=\"hidden\" name=\"_wpcf7\" value=\"25\" \/>\n<input type=\"hidden\" name=\"_wpcf7_version\" value=\"5.5.6\" \/>\n<input type=\"hidden\" name=\"_wpcf7_locale\" value=\"fr_FR\" \/>\n<input type=\"hidden\" name=\"_wpcf7_unit_tag\" value=\"wpcf7-f25-o1\" \/>\n<input type=\"hidden\" name=\"_wpcf7_container_post\" value=\"0\" \/>\n<input type=\"hidden\" name=\"_wpcf7_posted_data_hash\" value=\"\" \/>\n<\/div>\n<p><span class=\"wpcf7-form-control-wrap your-name\"><input type=\"text\" name=\"your-name\" value=\"\" size=\"40\" class=\"wpcf7-form-control wpcf7-text wpcf7-validates-as-required\" aria-required=\"true\" aria-invalid=\"false\" placeholder=\"Nom et Pr\u00e9nom\" \/><\/span><\/p>\n<p><span class=\"wpcf7-form-control-wrap your-tel\"><input type=\"tel\" name=\"your-tel\" value=\"\" size=\"40\" class=\"wpcf7-form-control wpcf7-text wpcf7-tel wpcf7-validates-as-required wpcf7-validates-as-tel\" aria-required=\"true\" aria-invalid=\"false\" placeholder=\"T\u00e9l. : XX XX XX XX XX\" \/><\/span><\/p>\n<p><span class=\"wpcf7-form-control-wrap your-email\"><input type=\"email\" name=\"your-email\" value=\"\" size=\"40\" class=\"wpcf7-form-control wpcf7-text wpcf7-email wpcf7-validates-as-email\" aria-invalid=\"false\" placeholder=\"Courriel \/ E-mail\" \/><\/span><\/p>\n<p><span class=\"wpcf7-form-control-wrap your-cp\"><input type=\"text\" name=\"your-cp\" value=\"\" size=\"40\" maxlength=\"5\" minlength=\"5\" class=\"wpcf7-form-control wpcf7-text CF7CPO\" aria-invalid=\"false\" placeholder=\"Code Postal\" \/><\/span><span class=\"wpcf7-form-control-wrap your-ville\"><input type=\"text\" name=\"your-ville\" value=\"\" size=\"40\" class=\"wpcf7-form-control wpcf7-text CF7VIL\" aria-invalid=\"false\" placeholder=\"Ville\" \/><\/span><\/p>\n<p><span class=\"wpcf7-form-control-wrap your-subject\"><select name=\"your-subject\" class=\"wpcf7-form-control wpcf7-select\" aria-invalid=\"false\"><option value=\"Devis : Particulier\">Devis : Particulier<\/option><option value=\"Devis : Professionnel\">Devis : Professionnel<\/option><option value=\"Devis : Architecte\">Devis : Architecte<\/option><option value=\"Devis : Autres\">Devis : Autres<\/option><\/select><\/span><\/p>\n<p><span class=\"wpcf7-form-control-wrap your-type-bien\"><select name=\"your-type-bien\" class=\"wpcf7-form-control wpcf7-select\" aria-invalid=\"false\"><option value=\"Type de bien\">Type de bien<\/option><option value=\"Pavillon\">Pavillon<\/option><option value=\"Appartement\">Appartement<\/option><option value=\"Magasin\">Magasin<\/option><option value=\"Caf\u00e9s, Pubs, Discoth\u00e8ques\">Caf\u00e9s, Pubs, Discoth\u00e8ques<\/option><option value=\"Autres\">Autres<\/option><\/select><\/span><\/p>\n<p><span class=\"wpcf7-form-control-wrap your-objet\"><select name=\"your-objet\" class=\"wpcf7-form-control wpcf7-select\" aria-invalid=\"false\"><option value=\"Type de pi\u00e8ce\">Type de pi\u00e8ce<\/option><option value=\"Entr\u00e9e\">Entr\u00e9e<\/option><option value=\"Salon - S\u00e9jour\">Salon - S\u00e9jour<\/option><option value=\"Cuisine\">Cuisine<\/option><option value=\"Bureau\">Bureau<\/option><option value=\"Chambre\">Chambre<\/option><option value=\"Salle de bains\">Salle de bains<\/option><option value=\"Couloir\">Couloir<\/option><option value=\"WC\">WC<\/option><option value=\"Autres pi\u00e8ces\">Autres pi\u00e8ces<\/option><\/select><\/span><\/p>\n<p><span class=\"wpcf7-form-control-wrap your-surface\"><input type=\"text\" name=\"your-surface\" value=\"\" size=\"40\" class=\"wpcf7-form-control wpcf7-text wpcf7-validates-as-required\" aria-required=\"true\" aria-invalid=\"false\" placeholder=\"Surface en m\u00b2\" \/><\/span><\/p>\n<p><span class=\"wpcf7-form-control-wrap your-message\"><textarea name=\"your-message\" cols=\"40\" rows=\"10\" class=\"wpcf7-form-control wpcf7-textarea CF7MSG\" aria-invalid=\"false\" placeholder=\"Votre Message, pr\u00e9cisions...\"><\/textarea><\/span><\/p>\n<p><input type=\"submit\" value=\"Envoyer\" class=\"wpcf7-form-control has-spinner wpcf7-submit\" \/><\/p>\n<div class=\"wpcf7-response-output\" aria-hidden=\"true\"><\/div><\/form><\/div><\/div>\n<div style=\"margin: auto; text-align: center; margin-bottom: 20px;\"><img src=\"\/site\/_rs_static\/rsdb-img-droite-plafond-tendu-seeth-voiture-intervention.jpg\" style=\"width: 100%; max-width: 360px;\" alt=\"\"><\/div>\n<div style=\"margin: auto; text-align: center;\">\n<div style=\"width: 49%; float: left\"><a href=\"https:\/\/prix-plafond-tendu.fr\/site\/nos-realisations-particuliers\/\"><img src=\"\/site\/_rs_static\/rsdb-btn-galerie-realisations-particuliers.jpg\" style=\"width: 100%; max-width: 145px;\" alt=\"Galerie r\u00e9alisations Particuliers\"><\/a><\/div>\n<div style=\"width: 49%; float: right\"><a href=\"https:\/\/prix-plafond-tendu.fr\/site\/nos-realisations-professionnels\/\"><img src=\"\/site\/_rs_static\/rsdb-btn-galerie-realisations-professionnels.jpg\" style=\"width: 100%; max-width: 145px;\" alt=\"Galerie r\u00e9alisations Professionnels\"><\/a><\/div>\n<div style=\"clear: both\"><\/div>\n<\/p><\/div>\n<\/div>\n","protected":false},"excerpt":{"rendered":"<p>S.E.E.T.H., sp\u00e9cialiste du Plafond Tendu pour les Restaurants en IDF, vous propose ses services et son exp\u00e9rience de plus de 25 ans. La Soci\u00e9t\u00e9 SEETH Plafonds Tendus c&rsquo;est le num\u00e9ro 1 des<a class=\"moretag\" href=\"https:\/\/prix-plafond-tendu.fr\/site\/plafond-tendu-restaurants\/\">Read More&#8230;<\/a><\/p>\n","protected":false},"author":1,"featured_media":0,"parent":0,"menu_order":0,"comment_status":"closed","ping_status":"closed","template":"","meta":[],"_links":{"self":[{"href":"https:\/\/prix-plafond-tendu.fr\/site\/wp-json\/wp\/v2\/pages\/218"}],"collection":[{"href":"https:\/\/prix-plafond-tendu.fr\/site\/wp-json\/wp\/v2\/pages"}],"about":[{"href":"https:\/\/prix-plafond-tendu.fr\/site\/wp-json\/wp\/v2\/types\/page"}],"author":[{"embeddable":true,"href":"https:\/\/prix-plafond-tendu.fr\/site\/wp-json\/wp\/v2\/users\/1"}],"replies":[{"embeddable":true,"href":"https:\/\/prix-plafond-tendu.fr\/site\/wp-json\/wp\/v2\/comments?post=218"}],"version-history":[{"count":4,"href":"https:\/\/prix-plafond-tendu.fr\/site\/wp-json\/wp\/v2\/pages\/218\/revisions"}],"predecessor-version":[{"id":529,"href":"https:\/\/prix-plafond-tendu.fr\/site\/wp-json\/wp\/v2\/pages\/218\/revisions\/529"}],"wp:attachment":[{"href":"https:\/\/prix-plafond-tendu.fr\/site\/wp-json\/wp\/v2\/media?parent=218"}],"curies":[{"name":"wp","href":"https:\/\/api.w.org\/{rel}","templated":true}]}}