{"id":266,"date":"2016-04-30T01:56:31","date_gmt":"2016-04-30T01:56:31","guid":{"rendered":"http:\/\/prix-plafond-tendu.com\/site\/?page_id=266"},"modified":"2019-08-22T13:41:35","modified_gmt":"2019-08-22T13:41:35","slug":"plafond-tendu-grandes-largeurs-5-50-metres","status":"publish","type":"page","link":"https:\/\/prix-plafond-tendu.fr\/site\/plafond-tendu-grandes-largeurs-5-50-metres\/","title":{"rendered":"Plafond Tendu grandes largeurs &#8211; 5.50 m\u00e8tres"},"content":{"rendered":"<div class=\"RSDB_2COL_0_LT\">\n<div class=\"PTGRLARG_A\">\n<p style=\"text-align: justify; font-size: 1.00em; hyphens: none;\"><b>S.E.E.T.H.<\/b>, sp\u00e9cialiste du <b>Plafond Tendu<\/b>, vous propose les plafonds tendus en <b>grande largeur<\/b>, avec une toile dont la largeur va jusque 5.50 m\u00e8tres <b>sans soudure<\/b>. Vous pouvez donc envisager la pose de plafonds tendus avec des dimensions plus larges et laisser libre court \u00e0 vos projets.<\/p>\n<p><\/p>\n<p style=\"text-align: justify; font-size: 1.00em; hyphens: none;\">Qu&rsquo;il s&rsquo;agisse de plafonds tendus de type :<\/p>\n<p><\/p>\n<ul>\n<li>Blanc Mat<\/li>\n<li>Blanc Satin\u00e9<\/li>\n<li>Blanc Laqu\u00e9<\/li>\n<li>Translucide<\/li>\n<\/ul>\n<p style=\"text-align: justify; font-size: 1.00em; hyphens: none;\">Nous aurons le meilleur plafond tendu et le plus adapt\u00e9 aux pi\u00e8ces que vous utilisez, pour plus de renseignements, n&rsquo;h\u00e9sitez pas \u00e0 nous contacter, notre bureau d&rsquo;\u00e9tudes vous assistera dans votre projet<\/p>\n<p>\n\t<\/div>\n<div class=\"PTGRLARG_B\">Tous nos produits sont conformes aux normes en vigueur CE, un certificat sera \u00e9mis \u00e0 votre nom pour tout chantier ex\u00e9cut\u00e9.<\/div>\n<div style=\"clear: both\"><\/div>\n<p>\t<img decoding=\"async\" src=\"\/site\/_rs_static\/rsdb-img-plafond-tendu-5-m-50-large-sans-soudure.jpg\" style=\"width: 100%\"><\/p>\n<p style=\"text-align: justify; font-size: 1.00em;\">Nos \u00e9quipes sont \u00e0 votre \u00e9coute pour tout projet, n&rsquo;h\u00e9sitez pas \u00e0 nous contacter ou utiliser nos outils de devis automatique, ainsi vous pourrez obtenir le meilleur devis possible pour votre plafond tendu. Avec \u00e0 chaque fois la meilleure garantie et un suivi sur le long terme. Pour toute question ou aide n&rsquo;h\u00e9sitez pas \u00e0 nous contacter.<\/p>\n<div id=\"RSDB_BANNER_OPTCONTACT_PG\" style=\"clear: both;\">\n\t<a href=\"https:\/\/prix-plafond-tendu.fr\/site\/devis-automatique\/\"><img decoding=\"async\" src=\"\/site\/_rs_static\/rsdb-img-bandeau-informations-devis-contact.jpg\" style=\"width: 100%; margin-bottom: 20px;\" alt=\"\"><\/a>\n\t<\/div>\n<\/div>\n<div class=\"RSDB_2COL_0_RT\">\n<div id=\"RSDB_CALLBACK_CALL\" style=\"margin: auto; text-align: center;\"><a href=\"#RSDB_CALLBACK_TOP\"><img decoding=\"async\" src=\"\/site\/_rs_static\/rsdb-system-btn-callback.png\" style=\"cursor: pointer; margin-bottom: 5px;\" onclick=\"document.getElementById('RSDBBOX').style.display = 'block'; document.getElementById('RSCALLBACK').style.display = 'block';\" alt=\"\"><\/a><\/div>\n<p><\/p>\n<div style=\"margin-bottom: 20px;\">\n<div style=\"background-color: #dd3333; color: #FFFFFF; text-align: center; padding: 5px; max-width: 350px; margin: auto;\">DEVIS RAPIDE 24H\/24<\/div>\n\n<div class=\"wpcf7 no-js\" id=\"wpcf7-f25-o1\" lang=\"fr-FR\" dir=\"ltr\" data-wpcf7-id=\"25\">\n<div class=\"screen-reader-response\"><p role=\"status\" aria-live=\"polite\" aria-atomic=\"true\"><\/p> <ul><\/ul><\/div>\n<form action=\"\/site\/wp-json\/wp\/v2\/pages\/266#wpcf7-f25-o1\" method=\"post\" class=\"wpcf7-form init\" aria-label=\"Formulaire de contact\" novalidate=\"novalidate\" data-status=\"init\">\n<fieldset class=\"hidden-fields-container\"><input type=\"hidden\" name=\"_wpcf7\" value=\"25\" \/><input type=\"hidden\" name=\"_wpcf7_version\" value=\"6.1.5\" \/><input type=\"hidden\" name=\"_wpcf7_locale\" value=\"fr_FR\" \/><input type=\"hidden\" name=\"_wpcf7_unit_tag\" value=\"wpcf7-f25-o1\" \/><input type=\"hidden\" name=\"_wpcf7_container_post\" value=\"0\" \/><input type=\"hidden\" name=\"_wpcf7_posted_data_hash\" value=\"\" \/>\n<\/fieldset>\n<p><span class=\"wpcf7-form-control-wrap\" data-name=\"your-name\"><input size=\"40\" maxlength=\"400\" class=\"wpcf7-form-control wpcf7-text wpcf7-validates-as-required\" aria-required=\"true\" aria-invalid=\"false\" placeholder=\"Nom et Pr\u00e9nom\" value=\"\" type=\"text\" name=\"your-name\" \/><\/span>\n<\/p>\n<p><span class=\"wpcf7-form-control-wrap\" data-name=\"your-tel\"><input size=\"40\" maxlength=\"400\" class=\"wpcf7-form-control wpcf7-tel wpcf7-validates-as-required wpcf7-text wpcf7-validates-as-tel\" aria-required=\"true\" aria-invalid=\"false\" placeholder=\"T\u00e9l. : XX XX XX XX XX\" value=\"\" type=\"tel\" name=\"your-tel\" \/><\/span>\n<\/p>\n<p><span class=\"wpcf7-form-control-wrap\" data-name=\"your-email\"><input size=\"40\" maxlength=\"400\" class=\"wpcf7-form-control wpcf7-email wpcf7-text wpcf7-validates-as-email\" aria-invalid=\"false\" placeholder=\"Courriel \/ E-mail\" value=\"\" type=\"email\" name=\"your-email\" \/><\/span>\n<\/p>\n<p><span class=\"wpcf7-form-control-wrap\" data-name=\"your-cp\"><input size=\"40\" maxlength=\"5\" minlength=\"5\" class=\"wpcf7-form-control wpcf7-text CF7CPO\" aria-invalid=\"false\" placeholder=\"Code Postal\" value=\"\" type=\"text\" name=\"your-cp\" \/><\/span><span class=\"wpcf7-form-control-wrap\" data-name=\"your-ville\"><input size=\"40\" maxlength=\"400\" class=\"wpcf7-form-control wpcf7-text CF7VIL\" aria-invalid=\"false\" placeholder=\"Ville\" value=\"\" type=\"text\" name=\"your-ville\" \/><\/span>\n<\/p>\n<p><span class=\"wpcf7-form-control-wrap\" data-name=\"your-subject\"><select class=\"wpcf7-form-control wpcf7-select\" aria-invalid=\"false\" name=\"your-subject\"><option value=\"Devis : Particulier\">Devis : Particulier<\/option><option value=\"Devis : Professionnel\">Devis : Professionnel<\/option><option value=\"Devis : Architecte\">Devis : Architecte<\/option><option value=\"Devis : Autres\">Devis : Autres<\/option><\/select><\/span>\n<\/p>\n<p><span class=\"wpcf7-form-control-wrap\" data-name=\"your-type-bien\"><select class=\"wpcf7-form-control wpcf7-select\" aria-invalid=\"false\" name=\"your-type-bien\"><option value=\"Type de bien\">Type de bien<\/option><option value=\"Pavillon\">Pavillon<\/option><option value=\"Appartement\">Appartement<\/option><option value=\"Magasin\">Magasin<\/option><option value=\"Caf\u00e9s, Pubs, Discoth\u00e8ques\">Caf\u00e9s, Pubs, Discoth\u00e8ques<\/option><option value=\"Autres\">Autres<\/option><\/select><\/span>\n<\/p>\n<p><span class=\"wpcf7-form-control-wrap\" data-name=\"your-objet\"><select class=\"wpcf7-form-control wpcf7-select\" aria-invalid=\"false\" name=\"your-objet\"><option value=\"Type de pi\u00e8ce\">Type de pi\u00e8ce<\/option><option value=\"Entr\u00e9e\">Entr\u00e9e<\/option><option value=\"Salon - S\u00e9jour\">Salon - S\u00e9jour<\/option><option value=\"Cuisine\">Cuisine<\/option><option value=\"Bureau\">Bureau<\/option><option value=\"Chambre\">Chambre<\/option><option value=\"Salle de bains\">Salle de bains<\/option><option value=\"Couloir\">Couloir<\/option><option value=\"WC\">WC<\/option><option value=\"Autres pi\u00e8ces\">Autres pi\u00e8ces<\/option><\/select><\/span>\n<\/p>\n<p><span class=\"wpcf7-form-control-wrap\" data-name=\"your-surface\"><input size=\"40\" maxlength=\"400\" class=\"wpcf7-form-control wpcf7-text wpcf7-validates-as-required\" aria-required=\"true\" aria-invalid=\"false\" placeholder=\"Surface en m\u00b2\" value=\"\" type=\"text\" name=\"your-surface\" \/><\/span>\n<\/p>\n<p><span class=\"wpcf7-form-control-wrap\" data-name=\"your-message\"><textarea cols=\"40\" rows=\"10\" maxlength=\"2000\" class=\"wpcf7-form-control wpcf7-textarea CF7MSG\" aria-invalid=\"false\" placeholder=\"Votre Message, pr\u00e9cisions...\" name=\"your-message\"><\/textarea><\/span>\n<\/p>\n<p><input class=\"wpcf7-form-control wpcf7-submit has-spinner\" type=\"submit\" value=\"Envoyer\" \/>\n<\/p><div class=\"wpcf7-response-output\" aria-hidden=\"true\"><\/div>\n<\/form>\n<\/div>\n<\/div>\n<div style=\"margin: auto; text-align: center; margin-bottom: 20px;\"><img decoding=\"async\" src=\"\/site\/_rs_static\/rsdb-img-droite-plafond-tendu-seeth-voiture-intervention.jpg\" style=\"width: 100%; max-width: 360px;\" alt=\"\"><\/div>\n<div style=\"margin: auto; text-align: center;\">\n<div style=\"width: 49%; float: left\"><a href=\"https:\/\/prix-plafond-tendu.fr\/site\/nos-realisations-particuliers\/\"><img decoding=\"async\" src=\"\/site\/_rs_static\/rsdb-btn-galerie-realisations-particuliers.jpg\" style=\"width: 100%; max-width: 145px;\" alt=\"Galerie r\u00e9alisations Particuliers\"><\/a><\/div>\n<div style=\"width: 49%; float: right\"><a href=\"https:\/\/prix-plafond-tendu.fr\/site\/nos-realisations-professionnels\/\"><img decoding=\"async\" src=\"\/site\/_rs_static\/rsdb-btn-galerie-realisations-professionnels.jpg\" style=\"width: 100%; max-width: 145px;\" alt=\"Galerie r\u00e9alisations Professionnels\"><\/a><\/div>\n<div style=\"clear: both\"><\/div>\n<\/p><\/div>\n<\/div>\n","protected":false},"excerpt":{"rendered":"<p>S.E.E.T.H., sp\u00e9cialiste du Plafond Tendu, vous propose les plafonds tendus en grande largeur, avec une toile dont la largeur va jusque 5.50 m\u00e8tres sans soudure. Vous pouvez donc envisager la pose de<a class=\"moretag\" href=\"https:\/\/prix-plafond-tendu.fr\/site\/plafond-tendu-grandes-largeurs-5-50-metres\/\">Read More&#8230;<\/a><\/p>\n","protected":false},"author":1,"featured_media":0,"parent":0,"menu_order":0,"comment_status":"closed","ping_status":"closed","template":"","meta":{"footnotes":""},"class_list":["post-266","page","type-page","status-publish","hentry"],"_links":{"self":[{"href":"https:\/\/prix-plafond-tendu.fr\/site\/wp-json\/wp\/v2\/pages\/266","targetHints":{"allow":["GET"]}}],"collection":[{"href":"https:\/\/prix-plafond-tendu.fr\/site\/wp-json\/wp\/v2\/pages"}],"about":[{"href":"https:\/\/prix-plafond-tendu.fr\/site\/wp-json\/wp\/v2\/types\/page"}],"author":[{"embeddable":true,"href":"https:\/\/prix-plafond-tendu.fr\/site\/wp-json\/wp\/v2\/users\/1"}],"replies":[{"embeddable":true,"href":"https:\/\/prix-plafond-tendu.fr\/site\/wp-json\/wp\/v2\/comments?post=266"}],"version-history":[{"count":18,"href":"https:\/\/prix-plafond-tendu.fr\/site\/wp-json\/wp\/v2\/pages\/266\/revisions"}],"predecessor-version":[{"id":537,"href":"https:\/\/prix-plafond-tendu.fr\/site\/wp-json\/wp\/v2\/pages\/266\/revisions\/537"}],"wp:attachment":[{"href":"https:\/\/prix-plafond-tendu.fr\/site\/wp-json\/wp\/v2\/media?parent=266"}],"curies":[{"name":"wp","href":"https:\/\/api.w.org\/{rel}","templated":true}]}}